{"id":11,"date":"2015-01-16T11:13:16","date_gmt":"2015-01-16T11:13:16","guid":{"rendered":"http:\/\/deiters-schneider-supervision.de\/neu\/?page_id=11"},"modified":"2016-10-29T19:10:51","modified_gmt":"2016-10-29T19:10:51","slug":"impressum","status":"publish","type":"page","link":"http:\/\/deiters-schneider-supervision.de\/?page_id=11","title":{"rendered":"Impressum"},"content":{"rendered":"<div><b>Gundula Deiters-Schneider<\/b><\/div>\n<div>Heinz-R\u00fchmann-Weg 2<\/div>\n<div>14482 Potsdam <\/p>\n<p><a href=\"mailto:mail@deiters-schneider-supervision.de\">Mail: mail@deiters-schneider-supervision.de<\/a><\/p>\n<\/div>\n<p>Inhaltlich Verantwortlicher gem\u00e4\u00df<\/p>\n<p>\u00a7 10 Absatz<\/p>\n<p>3 MDStV: Gundula Deiters-Schneider<\/p>\n<p><b>Rechtliche Hinweise &#8211; Haftungsausschluss<\/b><\/p>\n<p><b>1. Inhalt des Onlineangebotes<\/b><\/p>\n<p>Die Autorin \u00fcbernimmt keinerlei Gew\u00e4hr f\u00fcr die Aktualit\u00e4t, Korrektheit, Vollst\u00e4ndigkeit oder Qualit\u00e4t der bereitgestellten Informationen. Haftungsanspr\u00fcche gegen die Autorin, welche sich auf Sch\u00e4den materieller oder ideeller Art beziehen, die durch die Nutzung oder Nichtnutzung der dargebotenen Informationen bzw. durch die Nutzung fehlerhafter und unvollst\u00e4ndiger Informationen verursacht wurden, sind grunds\u00e4tzlich ausgeschlossen, sofern seitens der Autorin kein nachweislich vors\u00e4tzliches oder grob fahrl\u00e4ssiges Verschulden vorliegt.<br \/> Alle Angebote sind freibleibend und unverbindlich. Die Autorin beh\u00e4lt es sich ausdr\u00fccklich vor, Teile der Seiten oder das gesamte Angebot ohne gesonderte Ank\u00fcndigung zu ver\u00e4ndern, zu erg\u00e4nzen, zu l\u00f6schen oder die Ver\u00f6ffentlichung zeitweise oder endg\u00fcltig einzustellen.<\/p>\n<p><b>2. Verweise und Links<\/b><\/p>\n<p>Bei direkten oder indirekten Verweisen auf fremde Webseiten (&#8222;Hyperlinks&#8220;), die au\u00dferhalb des Verantwortungsbereiches der Autorin liegen, w\u00fcrde eine Haftungsverpflichtung ausschlie\u00dflich in dem Fall in Kraft treten, in dem die Autorin von den Inhalten Kenntnis hat und es ihr technisch m\u00f6glich und zumutbar w\u00e4re, die Nutzung im Falle rechtswidriger Inhalte zu verhindern. Die Autorin erkl\u00e4rt hiermit ausdr\u00fccklich, dass zum Zeitpunkt der Linksetzung keine illegalen Inhalte auf den zu verlinkenden Seiten erkennbar waren. Auf die aktuelle und zuk\u00fcnftige Gestaltung, die Inhalte oder die Urheberschaft der verlinkten\/verkn\u00fcpften Seiten hat die Autorin keinerlei Einfluss. Deshalb distanziert sie sich hiermit ausdr\u00fccklich von allen Inhalten aller verlinkten \/verkn\u00fcpften Seiten, die nach der Linksetzung ver\u00e4ndert wurden. Diese Feststellung gilt f\u00fcr alle innerhalb des eigenen Internetangebotes gesetzten Links und Verweise. F\u00fcr illegale, fehlerhafte oder unvollst\u00e4ndige Inhalte und insbesondere f\u00fcr Sch\u00e4den, die aus der Nutzung oder Nichtnutzung solcherart dargebotener Informationen entstehen, haftet allein der Anbieter der Seite, auf welche verwiesen wurde, nicht derjenige, der \u00fcber Links auf die jeweilige Ver\u00f6ffentlichung lediglich verweist.<\/p>\n<p><b>3. Urheber- und Kennzeichenrecht<\/b><\/p>\n<p>Die Autorin ist bestrebt, in allen Publikationen die Urheberrechte der verwendeten Grafiken und Texte zu beachten, von ihr selbst erstellte Grafiken und Texte zu nutzen oder auf lizenzfreie Grafiken und Texte zur\u00fcckzugreifen.<br \/> Fotolia.com \u00a9 gekaskr, Fotolia.com \u00a9 roostler, Fotolia.com \u00a9 travelwitness, 123rf.de\u00a0 \u00a9 kurhan, 123rf.de\u00a0 \u00a9 Ying FengJohansson<\/p>\n<p>Alle innerhalb des Internetangebotes genannten und ggf. durch Dritte gesch\u00fctzten Marken- und Warenzeichen unterliegen uneingeschr\u00e4nkt den Bestimmungen des jeweils g\u00fcltigen Kennzeichenrechts und den Besitzrechten der jeweiligen eingetragenen Eigent\u00fcmer. Allein aufgrund der blo\u00dfen Nennung ist nicht der Schluss zu ziehen, dass Markenzeichen nicht durch Rechte Dritter gesch\u00fctzt sind!<br \/> Das Copyright f\u00fcr ver\u00f6ffentlichte, von der Autorin selbst erstellte Objekte bleibt allein bei der Autorin der Seiten. Eine Vervielf\u00e4ltigung oder Verwendung solcher Grafiken und Texte in anderen elektronischen oder gedruckten Publikationen ist ohne ausdr\u00fcckliche Zustimmung der Autorin nicht gestattet.<\/p>\n<p><b>4. Datenschutz<\/b><\/p>\n<p>Sofern innerhalb des Internetangebotes die M\u00f6glichkeit zur Eingabe pers\u00f6nlicher oder gesch\u00e4ftlicher Daten (Emailadressen, Namen, Anschriften) besteht, so erfolgt die Preisgabe dieser Daten seitens des Nutzers auf ausdr\u00fccklich freiwilliger Basis. Die Inanspruchnahme und Bezahlung aller angebotenen Dienste ist &#8211; soweit technisch m\u00f6glich und zumutbar &#8211; auch ohne Angabe solcher Daten bzw. unter Angabe anonymisierter Daten oder eines Pseudonyms gestattet. Die Nutzung der im Rahmen des Impressums oder vergleichbarer Angaben ver\u00f6ffentlichten Kontaktdaten wie Postanschriften, Telefon- und Faxnummern sowie Emailadressen durch Dritte zur \u00dcbersendung von nicht ausdr\u00fccklich angeforderten Informationen ist nicht gestattet. Rechtliche Schritte gegen die Versender von sogenannten Spam-Mails bei Verst\u00f6ssen gegen dieses Verbot sind ausdr\u00fccklich vorbehalten.<\/p>\n<p><b>5. Rechtswirksamkeit dieses Haftungsausschlusses<\/b><\/p>\n<p>Dieser Haftungsausschluss ist als Teil des Internetangebotes zu betrachten, von dem aus auf diese Seite verwiesen wurde. Sofern Teile oder einzelne Formulierungen dieses Textes der geltenden Rechtslage nicht, nicht mehr oder nicht vollst\u00e4ndig entsprechen sollten, bleiben die \u00fcbrigen Teile des Dokumentes in ihrem Inhalt und ihrer G\u00fcltigkeit davon unber\u00fchrt.<\/p>\n<p>&nbsp;<\/p>\n","protected":false},"excerpt":{"rendered":"<p>Gundula Deiters-Schneider Heinz-R\u00fchmann-Weg 2 14482 Potsdam Mail: mail@deiters-schneider-supervision.de Inhaltlich Verantwortlicher gem\u00e4\u00df \u00a7 10 Absatz 3 MDStV: Gundula Deiters-Schneider Rechtliche Hinweise &#8211; Haftungsausschluss 1. Inhalt des&#8230;<\/p>\n","protected":false},"author":5,"featured_media":0,"parent":0,"menu_order":80,"comment_status":"closed","ping_status":"closed","template":"","meta":{"footnotes":""},"_links":{"self":[{"href":"http:\/\/deiters-schneider-supervision.de\/index.php?rest_route=\/wp\/v2\/pages\/11"}],"collection":[{"href":"http:\/\/deiters-schneider-supervision.de\/index.php?rest_route=\/wp\/v2\/pages"}],"about":[{"href":"http:\/\/deiters-schneider-supervision.de\/index.php?rest_route=\/wp\/v2\/types\/page"}],"author":[{"embeddable":true,"href":"http:\/\/deiters-schneider-supervision.de\/index.php?rest_route=\/wp\/v2\/users\/5"}],"replies":[{"embeddable":true,"href":"http:\/\/deiters-schneider-supervision.de\/index.php?rest_route=%2Fwp%2Fv2%2Fcomments&post=11"}],"version-history":[{"count":10,"href":"http:\/\/deiters-schneider-supervision.de\/index.php?rest_route=\/wp\/v2\/pages\/11\/revisions"}],"predecessor-version":[{"id":339,"href":"http:\/\/deiters-schneider-supervision.de\/index.php?rest_route=\/wp\/v2\/pages\/11\/revisions\/339"}],"wp:attachment":[{"href":"http:\/\/deiters-schneider-supervision.de\/index.php?rest_route=%2Fwp%2Fv2%2Fmedia&parent=11"}],"curies":[{"name":"wp","href":"https:\/\/api.w.org\/{rel}","templated":true}]}}