{"id":55,"date":"2015-01-20T11:08:41","date_gmt":"2015-01-20T11:08:41","guid":{"rendered":"http:\/\/deiters-schneider-supervision.de\/neu\/?page_id=55"},"modified":"2015-01-23T13:01:36","modified_gmt":"2015-01-23T13:01:36","slug":"links-2","status":"publish","type":"page","link":"http:\/\/deiters-schneider-supervision.de\/?page_id=55","title":{"rendered":"Links"},"content":{"rendered":"<p><strong>Personalberatung Sudhoff &amp; D\u00f6rfler GbR<\/strong><br \/> <a title=\"&quot;Personalberatung\" href=\"http:\/\/www.pb-personalberatung.de\" target=\"_blank\"> <span style=\"font-size: 11px;\">www.pb-personalberatung.de<\/span><\/a><\/p>\n<p><strong>Deutsche Gesellschaft f\u00fcr Supervision e.V.<\/strong><br \/> <a title=\"&quot;DGSv\" href=\"http:\/\/www.dgsv.de\" target=\"_blank\"> <span style=\"font-size: 11px;\">www.dgsv.de<\/span><\/a><\/p>\n<p><strong>Milton Erickson Institut Berlin<\/strong><br \/> <a title=\"&quot;Personalberatung\" href=\"http:\/\/www.erickson-institut-berlin.de\" target=\"_blank\"> <span style=\"font-size: 11px;\">www.erickson-institut-berlin.de<\/span><\/a><\/p>\n<p><strong>Katholische Hochschule f\u00fcr Sozialwesen Berlin <\/strong><br \/> <a title=\"&quot;Personalberatung\" href=\"http:\/\/www.khsb-berlin.de\" target=\"_blank\"><span style=\"font-size: 11px;\">www.khsb-berlin.de<\/span><\/a><\/p>\n<p><strong>SYSTEMAGAZIN <br \/> Online-Journal f\u00fcr systemische Entwicklungen<\/strong><br \/> <a title=\"&quot;Personalberatung\" href=\"http:\/\/www.systemagazin.com\/content-2\/systemische-bibliothek\/\" target=\"_blank\"><span style=\"font-size: 11px;\">http:\/\/systemagazin.com\/<\/span><\/a><\/p>\n","protected":false},"excerpt":{"rendered":"<p>Personalberatung Sudhoff &amp; D\u00f6rfler GbR www.pb-personalberatung.de Deutsche Gesellschaft f\u00fcr Supervision e.V. www.dgsv.de Milton Erickson Institut Berlin www.erickson-institut-berlin.de Katholische Hochschule f\u00fcr Sozialwesen Berlin www.khsb-berlin.de SYSTEMAGAZIN Online-Journal&#8230;<\/p>\n","protected":false},"author":5,"featured_media":0,"parent":0,"menu_order":30,"comment_status":"closed","ping_status":"closed","template":"","meta":{"footnotes":""},"_links":{"self":[{"href":"http:\/\/deiters-schneider-supervision.de\/index.php?rest_route=\/wp\/v2\/pages\/55"}],"collection":[{"href":"http:\/\/deiters-schneider-supervision.de\/index.php?rest_route=\/wp\/v2\/pages"}],"about":[{"href":"http:\/\/deiters-schneider-supervision.de\/index.php?rest_route=\/wp\/v2\/types\/page"}],"author":[{"embeddable":true,"href":"http:\/\/deiters-schneider-supervision.de\/index.php?rest_route=\/wp\/v2\/users\/5"}],"replies":[{"embeddable":true,"href":"http:\/\/deiters-schneider-supervision.de\/index.php?rest_route=%2Fwp%2Fv2%2Fcomments&post=55"}],"version-history":[{"count":14,"href":"http:\/\/deiters-schneider-supervision.de\/index.php?rest_route=\/wp\/v2\/pages\/55\/revisions"}],"predecessor-version":[{"id":220,"href":"http:\/\/deiters-schneider-supervision.de\/index.php?rest_route=\/wp\/v2\/pages\/55\/revisions\/220"}],"wp:attachment":[{"href":"http:\/\/deiters-schneider-supervision.de\/index.php?rest_route=%2Fwp%2Fv2%2Fmedia&parent=55"}],"curies":[{"name":"wp","href":"https:\/\/api.w.org\/{rel}","templated":true}]}}