{"id":6,"date":"2015-01-16T11:12:17","date_gmt":"2015-01-16T11:12:17","guid":{"rendered":"http:\/\/deiters-schneider-supervision.de\/neu\/?page_id=6"},"modified":"2015-02-03T12:35:00","modified_gmt":"2015-02-03T12:35:00","slug":"coaching","status":"publish","type":"page","link":"http:\/\/deiters-schneider-supervision.de\/?page_id=6","title":{"rendered":"Coaching"},"content":{"rendered":"<p><img decoding=\"async\" loading=\"lazy\" class=\"alignnone wp-image-203 size-medium\" style=\"float: right; margin-top: 23px; margin-left: 10px; padding-bottom: 20pt;\" src=\"http:\/\/deiters-schneider-supervision.de\/wp-content\/uploads\/coaching_menschen_kommunikation200-180x300.png\" alt=\"Coaching\" width=\"180\" height=\"300\" srcset=\"http:\/\/deiters-schneider-supervision.de\/wp-content\/uploads\/coaching_menschen_kommunikation200-180x300.png 180w, http:\/\/deiters-schneider-supervision.de\/wp-content\/uploads\/coaching_menschen_kommunikation200.png 200w\" sizes=\"(max-width: 180px) 100vw, 180px\" \/><\/p>\n<p>&nbsp;<\/p>\n<p>Ist Einzelberatung f\u00fcr Personen mit anspruchsvollen Aufgaben und besonderen Funktionen in Unternehmen und Nonprofit-Organisationen.<br \/> Ziel des Coaching ist es, erfolgreich den eigenen und beruflichen Anforderungen begegnen zu k\u00f6nnen bzw. in beruflichen Krisen die eigenen Ressourcen wieder zu beleben.<\/p>\n<p>Beim Coaching wird der Fokus nicht nur auf das professionelle berufliche Handeln, sondern auch auf die Funktion und Rolle, die beruflichen und pers\u00f6nliche Weiterentwicklung gelegt.<\/p>\n<h4><em>\u201eDas Tun des Einen ist das Tun des Anderen\u2026\u201c<\/em><\/h4>\n<p><span id=\"quote-author\">Helm Stierlin<\/span><\/p>\n<h3>\u00a0<\/h3>\n<h3>Anl\u00e4sse f\u00fcr Coaching<\/h3>\n<p>&nbsp;<\/p>\n<ol style=\"width: 270px;\">\n<li>\u00dcbernahme einer F\u00fchrungsrolle<\/li>\n<li>Kl\u00e4rung des F\u00fchrungsverst\u00e4ndnisses im Zusammenspiel innerer und \u00e4u\u00dferer Erwartungen und Anforderungen<\/li>\n<li>Handlungsstrategien zur Bew\u00e4ltigung von Konflikt- und Krisensituationen<\/li>\n<li>Selbstmanagement<\/li>\n<li>Lebenszielplanung, Berufs-und Karriereplanung<\/li>\n<li>Analyse und Weiterentwicklung des pers\u00f6nlichen F\u00fchrungsstils<\/li>\n<li>Balance zwischen Beruf und Privat<\/li>\n<\/ol>\n","protected":false},"excerpt":{"rendered":"<p>&nbsp; Ist Einzelberatung f\u00fcr Personen mit anspruchsvollen Aufgaben und besonderen Funktionen in Unternehmen und Nonprofit-Organisationen. Ziel des Coaching ist es, erfolgreich den eigenen und beruflichen&#8230;<\/p>\n","protected":false},"author":5,"featured_media":0,"parent":0,"menu_order":0,"comment_status":"closed","ping_status":"closed","template":"","meta":{"footnotes":""},"_links":{"self":[{"href":"http:\/\/deiters-schneider-supervision.de\/index.php?rest_route=\/wp\/v2\/pages\/6"}],"collection":[{"href":"http:\/\/deiters-schneider-supervision.de\/index.php?rest_route=\/wp\/v2\/pages"}],"about":[{"href":"http:\/\/deiters-schneider-supervision.de\/index.php?rest_route=\/wp\/v2\/types\/page"}],"author":[{"embeddable":true,"href":"http:\/\/deiters-schneider-supervision.de\/index.php?rest_route=\/wp\/v2\/users\/5"}],"replies":[{"embeddable":true,"href":"http:\/\/deiters-schneider-supervision.de\/index.php?rest_route=%2Fwp%2Fv2%2Fcomments&post=6"}],"version-history":[{"count":37,"href":"http:\/\/deiters-schneider-supervision.de\/index.php?rest_route=\/wp\/v2\/pages\/6\/revisions"}],"predecessor-version":[{"id":317,"href":"http:\/\/deiters-schneider-supervision.de\/index.php?rest_route=\/wp\/v2\/pages\/6\/revisions\/317"}],"wp:attachment":[{"href":"http:\/\/deiters-schneider-supervision.de\/index.php?rest_route=%2Fwp%2Fv2%2Fmedia&parent=6"}],"curies":[{"name":"wp","href":"https:\/\/api.w.org\/{rel}","templated":true}]}}