{"id":4,"date":"2015-01-16T11:12:03","date_gmt":"2015-01-16T11:12:03","guid":{"rendered":"http:\/\/deiters-schneider-supervision.de\/neu\/?page_id=4"},"modified":"2015-02-03T13:34:21","modified_gmt":"2015-02-03T13:34:21","slug":"home","status":"publish","type":"page","link":"https:\/\/deiters-schneider-supervision.de\/","title":{"rendered":"Home"},"content":{"rendered":"<p>Als Supervisorin der Deutschen Gesellschaft f\u00fcr Supervision\u00a0 <a title=\"Deutsche Gesellschaft f\u00fcr Supervision e. V.\" href=\"http:\/\/deiters-schneider-supervision.de\/neu\/?page_id=210\">(DGSv)<\/a> berate ich Menschen im Arbeitsleben, sowie Unternehmen und Organisationen.<\/p>\n<h4><span style=\"color: #428bd4;\">Lernen Sie die Supervision als einen Wegbegleiter kennen und lassen sich von den Ergebnissen \u00fcberzeugen.<\/span><\/h4>\n<p><img decoding=\"async\" loading=\"lazy\" class=\"alignnone size-full wp-image-272\" style=\"float: right; padding-right: 5px; padding-left: 0px; margin-bottom: 0px;\" src=\"http:\/\/deiters-schneider-supervision.de\/wp-content\/uploads\/home_people213x263.jpg\" alt=\"home_people213x263\" width=\"213\" height=\"263\" \/>Supervision ist immer ein Gewinn. Sie gew\u00e4hrleistet die \u00dcberpr\u00fcfung der eigenen Arbeitsweise, das \u00dcberdenken gewohnter und institutioneller Zusammenh\u00e4nge, die Entwicklung neuer Strategien und die Optimierung der Arbeitsabl\u00e4ufe, Fachwissen wird vertieft und exemplarisch in Handeln umgesetzt.<\/p>\n<p>Ich arbeite mit einem systemischen-l\u00f6sungsorientierten Konzept und unterst\u00fctze Sie dabei Ihre Ressourcen und Kompetenzen f\u00fcr die von\u00a0Ihnen gew\u00fcnschten Entwicklungen und Ver\u00e4nderungen zu nutzen. Als Supervisorin biete ich Ihnen Struktur und einen Rahmen, etwas Neues zu entwickeln. F\u00fcr mich ist Supervision Ort und Raum f\u00fcr exemplarische\u00a0Lernprozesse.<\/p>\n<p>In der Supervision arbeiten wir prozessorientiert mit konkreten Situationen aus Ihrem beruflichen Alltag. Dabei kann im Vordergrund stehen die Reflexion des eigenen Verhaltens in der beruflichen Rolle und Funktion. Die Gestaltung professioneller Beziehungen zu Klienten und Kollegen. Das Verstehen oder Ver\u00e4ndern von Strukturen und Prozessen in der Organisation und die Entwicklung von Handlungsperspektiven und L\u00f6sungsstrategien.<\/p>\n","protected":false},"excerpt":{"rendered":"<p>Als Supervisorin der Deutschen Gesellschaft f\u00fcr Supervision\u00a0 (DGSv) berate ich Menschen im Arbeitsleben, sowie Unternehmen und Organisationen. Lernen Sie die Supervision als einen Wegbegleiter kennen&#8230;<\/p>\n","protected":false},"author":5,"featured_media":0,"parent":0,"menu_order":2,"comment_status":"closed","ping_status":"closed","template":"","meta":{"footnotes":""},"_links":{"self":[{"href":"https:\/\/deiters-schneider-supervision.de\/index.php?rest_route=\/wp\/v2\/pages\/4"}],"collection":[{"href":"https:\/\/deiters-schneider-supervision.de\/index.php?rest_route=\/wp\/v2\/pages"}],"about":[{"href":"https:\/\/deiters-schneider-supervision.de\/index.php?rest_route=\/wp\/v2\/types\/page"}],"author":[{"embeddable":true,"href":"https:\/\/deiters-schneider-supervision.de\/index.php?rest_route=\/wp\/v2\/users\/5"}],"replies":[{"embeddable":true,"href":"https:\/\/deiters-schneider-supervision.de\/index.php?rest_route=%2Fwp%2Fv2%2Fcomments&post=4"}],"version-history":[{"count":58,"href":"https:\/\/deiters-schneider-supervision.de\/index.php?rest_route=\/wp\/v2\/pages\/4\/revisions"}],"predecessor-version":[{"id":321,"href":"https:\/\/deiters-schneider-supervision.de\/index.php?rest_route=\/wp\/v2\/pages\/4\/revisions\/321"}],"wp:attachment":[{"href":"https:\/\/deiters-schneider-supervision.de\/index.php?rest_route=%2Fwp%2Fv2%2Fmedia&parent=4"}],"curies":[{"name":"wp","href":"https:\/\/api.w.org\/{rel}","templated":true}]}}